{"id":120,"date":"2025-06-25T11:01:36","date_gmt":"2025-06-25T09:01:36","guid":{"rendered":"https:\/\/mba1.vous-accueille.com\/samy\/?post_type=product&#038;p=120"},"modified":"2025-06-25T11:03:37","modified_gmt":"2025-06-25T09:03:37","slug":"ozone","status":"publish","type":"product","link":"https:\/\/mba1.vous-accueille.com\/samy\/produit\/ozone\/","title":{"rendered":"Ozone"},"content":{"rendered":"<p><strong data-start=\"57\" data-end=\"114\">Chaussure de comp\u00e9tition au design innovant et unique<\/strong><br data-start=\"114\" data-end=\"117\" \/>Chaussure d\u2019escalade extr\u00eamement asym\u00e9trique, \u00e0 la forme anatomique \u2013 une v\u00e9ritable arme moderne pour les grimpeurs de haut niveau et de comp\u00e9tition.<br data-start=\"266\" data-end=\"269\" \/>La <strong data-start=\"272\" data-end=\"281\">Ozone<\/strong> offre une pr\u00e9cision redoutable sur les micro-prises, les ar\u00eates et les trous.<br data-start=\"359\" data-end=\"362\" \/>Le syst\u00e8me <strong data-start=\"373\" data-end=\"384\">3-Force<\/strong> ouvre de nouvelles possibilit\u00e9s \u00e0 ceux qui la portent.<br data-start=\"439\" data-end=\"442\" \/>La performance du grimpeur est amplifi\u00e9e par la semelle <strong data-start=\"498\" data-end=\"516\">Vibram XS Grip<\/strong> ultra adh\u00e9rente.<\/p>\n","protected":false},"excerpt":{"rendered":"<p><strong data-start=\"35\" data-end=\"102\">3-Force : Syst\u00e8me brevet\u00e9 de conception de chaussure d\u2019escalade<\/strong><\/p>\n<p><br data-start=\"102\" data-end=\"105\" \/>Ce syst\u00e8me permet une r\u00e9partition pr\u00e9cise de la pression, offrant une rigidit\u00e9 en torsion accrue et un \u00e9quilibre parfait sur les prises de pied et les ar\u00eates les plus infimes.<\/p>\n","protected":false},"featured_media":121,"comment_status":"open","ping_status":"closed","template":"","meta":[],"product_brand":[],"product_cat":[28],"product_tag":[39],"class_list":{"0":"post-120","1":"product","2":"type-product","3":"status-publish","4":"has-post-thumbnail","6":"product_cat-chausson","7":"product_tag-escalade-performance","9":"first","10":"instock","11":"shipping-taxable","12":"purchasable","13":"product-type-variable"},"_links":{"self":[{"href":"https:\/\/mba1.vous-accueille.com\/samy\/wp-json\/wp\/v2\/product\/120","targetHints":{"allow":["GET"]}}],"collection":[{"href":"https:\/\/mba1.vous-accueille.com\/samy\/wp-json\/wp\/v2\/product"}],"about":[{"href":"https:\/\/mba1.vous-accueille.com\/samy\/wp-json\/wp\/v2\/types\/product"}],"replies":[{"embeddable":true,"href":"https:\/\/mba1.vous-accueille.com\/samy\/wp-json\/wp\/v2\/comments?post=120"}],"wp:featuredmedia":[{"embeddable":true,"href":"https:\/\/mba1.vous-accueille.com\/samy\/wp-json\/wp\/v2\/media\/121"}],"wp:attachment":[{"href":"https:\/\/mba1.vous-accueille.com\/samy\/wp-json\/wp\/v2\/media?parent=120"}],"wp:term":[{"taxonomy":"product_brand","embeddable":true,"href":"https:\/\/mba1.vous-accueille.com\/samy\/wp-json\/wp\/v2\/product_brand?post=120"},{"taxonomy":"product_cat","embeddable":true,"href":"https:\/\/mba1.vous-accueille.com\/samy\/wp-json\/wp\/v2\/product_cat?post=120"},{"taxonomy":"product_tag","embeddable":true,"href":"https:\/\/mba1.vous-accueille.com\/samy\/wp-json\/wp\/v2\/product_tag?post=120"}],"curies":[{"name":"wp","href":"https:\/\/api.w.org\/{rel}","templated":true}]}}